{"id":3066,"date":"2024-06-20T23:47:59","date_gmt":"2024-06-21T03:47:59","guid":{"rendered":"https:\/\/brightstartcaledon.com\/contact\/"},"modified":"2024-06-20T23:47:59","modified_gmt":"2024-06-21T03:47:59","slug":"contact","status":"publish","type":"page","link":"https:\/\/brightstartcaledon.com\/fr\/contact\/","title":{"rendered":"Contact"},"content":{"rendered":"","protected":false},"excerpt":{"rendered":"","protected":false},"author":1,"featured_media":0,"parent":0,"menu_order":0,"comment_status":"closed","ping_status":"closed","template":"","meta":{"_seopress_robots_primary_cat":"","_seopress_titles_title":"Contactez-nous pour obtenir des informations sur les programmes et plus encore \u00e0 BrightStart","_seopress_titles_desc":"Abonnez-vous pour recevoir les derni\u00e8res mises \u00e0 jour sur nos programmes, nos \u00e9v\u00e9nements et plus encore. Contactez-nous d\u00e8s aujourd'hui pour d\u00e9couvrir les possibilit\u00e9s d'accueil et les programmes virtuels. Restez connect\u00e9 !  ","_seopress_robots_index":"","_relevanssi_hide_post":"","_relevanssi_hide_content":"","_relevanssi_pin_for_all":"","_relevanssi_pin_keywords":"","_relevanssi_unpin_keywords":"","_relevanssi_related_keywords":"","_relevanssi_related_include_ids":"","_relevanssi_related_exclude_ids":"","_relevanssi_related_no_append":"","_relevanssi_related_not_related":"","_relevanssi_related_posts":"","_relevanssi_noindex_reason":"","iawp_total_views":61,"footnotes":""},"class_list":["post-3066","page","type-page","status-publish","hentry"],"meta_box":[],"_links":{"self":[{"href":"https:\/\/brightstartcaledon.com\/fr\/wp-json\/wp\/v2\/pages\/3066","targetHints":{"allow":["GET"]}}],"collection":[{"href":"https:\/\/brightstartcaledon.com\/fr\/wp-json\/wp\/v2\/pages"}],"about":[{"href":"https:\/\/brightstartcaledon.com\/fr\/wp-json\/wp\/v2\/types\/page"}],"author":[{"embeddable":true,"href":"https:\/\/brightstartcaledon.com\/fr\/wp-json\/wp\/v2\/users\/1"}],"replies":[{"embeddable":true,"href":"https:\/\/brightstartcaledon.com\/fr\/wp-json\/wp\/v2\/comments?post=3066"}],"version-history":[{"count":0,"href":"https:\/\/brightstartcaledon.com\/fr\/wp-json\/wp\/v2\/pages\/3066\/revisions"}],"wp:attachment":[{"href":"https:\/\/brightstartcaledon.com\/fr\/wp-json\/wp\/v2\/media?parent=3066"}],"curies":[{"name":"wp","href":"https:\/\/api.w.org\/{rel}","templated":true}]}}