{"id":3067,"date":"2024-06-20T17:30:22","date_gmt":"2024-06-20T21:30:22","guid":{"rendered":"https:\/\/brightstartcaledon.com\/accueil\/"},"modified":"2024-06-20T17:30:22","modified_gmt":"2024-06-20T21:30:22","slug":"accueil","status":"publish","type":"page","link":"https:\/\/brightstartcaledon.com\/fr\/","title":{"rendered":"Accueil"},"content":{"rendered":"","protected":false},"excerpt":{"rendered":"","protected":false},"author":1,"featured_media":0,"parent":0,"menu_order":0,"comment_status":"closed","ping_status":"closed","template":"","meta":{"_seopress_robots_primary_cat":"","_seopress_titles_title":"Soutenez BrightStart Caledon : Des familles fortes, un avenir solide","_seopress_titles_desc":"D\u00e9couvrez les programmes du BrightStart Caledon Family Centre qui visent \u00e0 renforcer les familles par le biais d'une \u00e9ducation et d'un soutien GRATUITS. Joignez-vous \u00e0 notre communaut\u00e9 dynamique d\u00e8s aujourd'hui ! ","_seopress_robots_index":"","_relevanssi_hide_post":"","_relevanssi_hide_content":"","_relevanssi_pin_for_all":"","_relevanssi_pin_keywords":"","_relevanssi_unpin_keywords":"","_relevanssi_related_keywords":"","_relevanssi_related_include_ids":"","_relevanssi_related_exclude_ids":"","_relevanssi_related_no_append":"","_relevanssi_related_not_related":"","_relevanssi_related_posts":"","_relevanssi_noindex_reason":"","iawp_total_views":94,"footnotes":""},"class_list":["post-3067","page","type-page","status-publish","hentry"],"meta_box":[],"_links":{"self":[{"href":"https:\/\/brightstartcaledon.com\/fr\/wp-json\/wp\/v2\/pages\/3067","targetHints":{"allow":["GET"]}}],"collection":[{"href":"https:\/\/brightstartcaledon.com\/fr\/wp-json\/wp\/v2\/pages"}],"about":[{"href":"https:\/\/brightstartcaledon.com\/fr\/wp-json\/wp\/v2\/types\/page"}],"author":[{"embeddable":true,"href":"https:\/\/brightstartcaledon.com\/fr\/wp-json\/wp\/v2\/users\/1"}],"replies":[{"embeddable":true,"href":"https:\/\/brightstartcaledon.com\/fr\/wp-json\/wp\/v2\/comments?post=3067"}],"version-history":[{"count":0,"href":"https:\/\/brightstartcaledon.com\/fr\/wp-json\/wp\/v2\/pages\/3067\/revisions"}],"wp:attachment":[{"href":"https:\/\/brightstartcaledon.com\/fr\/wp-json\/wp\/v2\/media?parent=3067"}],"curies":[{"name":"wp","href":"https:\/\/api.w.org\/{rel}","templated":true}]}}